{"id":229,"date":"2018-12-27T06:51:50","date_gmt":"2018-12-27T06:51:50","guid":{"rendered":"http:\/\/206.41.95.39\/tenant-step-2\/"},"modified":"2021-01-20T06:33:34","modified_gmt":"2021-01-20T06:33:34","slug":"locataires","status":"publish","type":"page","link":"https:\/\/cutcorp.ca\/fr\/locataires\/","title":{"rendered":"Locataires"},"content":{"rendered":"","protected":false},"excerpt":{"rendered":"","protected":false},"author":1,"featured_media":0,"parent":0,"menu_order":0,"comment_status":"closed","ping_status":"closed","template":"page-template\/current-tenants.php","meta":{"_acf_changed":false,"footnotes":""},"class_list":["post-229","page","type-page","status-publish","hentry"],"acf":[],"yoast_head":"<!-- This site is optimized with the Yoast SEO plugin v22.1 - https:\/\/yoast.com\/wordpress\/plugins\/seo\/ -->\n<title>Locataires | CutCorp<\/title>\n<meta name=\"description\" content=\"Si vous \u00eates actuellement locataire de CutCorp, acc\u00e9dez ici \u00e0 des informations, liens et documents utiles, ainsi qu\u2019\u00e0 votre portail des locataires.\" \/>\n<meta name=\"robots\" content=\"index, follow, max-snippet:-1, max-image-preview:large, max-video-preview:-1\" \/>\n<link rel=\"canonical\" href=\"https:\/\/cutcorp.ca\/fr\/locataires\/\" \/>\n<meta property=\"og:locale\" content=\"fr_FR\" \/>\n<meta property=\"og:type\" content=\"article\" \/>\n<meta property=\"og:title\" content=\"Locataires | CutCorp\" \/>\n<meta property=\"og:description\" content=\"Si vous \u00eates actuellement locataire de CutCorp, acc\u00e9dez ici \u00e0 des informations, liens et documents utiles, ainsi qu\u2019\u00e0 votre portail des locataires.\" \/>\n<meta property=\"og:url\" content=\"https:\/\/cutcorp.ca\/fr\/locataires\/\" \/>\n<meta property=\"og:site_name\" content=\"CutCorp\" \/>\n<meta property=\"article:modified_time\" content=\"2021-01-20T06:33:34+00:00\" \/>\n<meta name=\"twitter:card\" content=\"summary_large_image\" \/>\n<script type=\"application\/ld+json\" class=\"yoast-schema-graph\">{\"@context\":\"https:\/\/schema.org\",\"@graph\":[{\"@type\":\"WebPage\",\"@id\":\"https:\/\/cutcorp.ca\/fr\/locataires\/\",\"url\":\"https:\/\/cutcorp.ca\/fr\/locataires\/\",\"name\":\"Locataires | CutCorp\",\"isPartOf\":{\"@id\":\"http:\/\/cutcorp.ca\/#website\"},\"datePublished\":\"2018-12-27T06:51:50+00:00\",\"dateModified\":\"2021-01-20T06:33:34+00:00\",\"description\":\"Si vous \u00eates actuellement locataire de CutCorp, acc\u00e9dez ici \u00e0 des informations, liens et documents utiles, ainsi qu\u2019\u00e0 votre portail des locataires.\",\"breadcrumb\":{\"@id\":\"https:\/\/cutcorp.ca\/fr\/locataires\/#breadcrumb\"},\"inLanguage\":\"fr-FR\",\"potentialAction\":[{\"@type\":\"ReadAction\",\"target\":[\"https:\/\/cutcorp.ca\/fr\/locataires\/\"]}]},{\"@type\":\"BreadcrumbList\",\"@id\":\"https:\/\/cutcorp.ca\/fr\/locataires\/#breadcrumb\",\"itemListElement\":[{\"@type\":\"ListItem\",\"position\":1,\"name\":\"Home\",\"item\":\"https:\/\/cutcorp.ca\/fr\/\"},{\"@type\":\"ListItem\",\"position\":2,\"name\":\"Locataires\"}]},{\"@type\":\"WebSite\",\"@id\":\"http:\/\/cutcorp.ca\/#website\",\"url\":\"http:\/\/cutcorp.ca\/\",\"name\":\"CutCorp\",\"description\":\"Boutique Apartment Rentals\",\"publisher\":{\"@id\":\"http:\/\/cutcorp.ca\/#organization\"},\"potentialAction\":[{\"@type\":\"SearchAction\",\"target\":{\"@type\":\"EntryPoint\",\"urlTemplate\":\"http:\/\/cutcorp.ca\/?s={search_term_string}\"},\"query-input\":\"required name=search_term_string\"}],\"inLanguage\":\"fr-FR\"},{\"@type\":\"Organization\",\"@id\":\"http:\/\/cutcorp.ca\/#organization\",\"name\":\"CutCorp\",\"url\":\"http:\/\/cutcorp.ca\/\",\"logo\":{\"@type\":\"ImageObject\",\"inLanguage\":\"fr-FR\",\"@id\":\"http:\/\/cutcorp.ca\/#\/schema\/logo\/image\/\",\"url\":\"https:\/\/cutcorp.ca\/wp-content\/uploads\/2019\/06\/CUTCORP_logoblue_1000x250-copy.png\",\"contentUrl\":\"https:\/\/cutcorp.ca\/wp-content\/uploads\/2019\/06\/CUTCORP_logoblue_1000x250-copy.png\",\"width\":917,\"height\":250,\"caption\":\"CutCorp\"},\"image\":{\"@id\":\"http:\/\/cutcorp.ca\/#\/schema\/logo\/image\/\"}}]}<\/script>\n<!-- \/ Yoast SEO plugin. -->","yoast_head_json":{"title":"Locataires | CutCorp","description":"Si vous \u00eates actuellement locataire de CutCorp, acc\u00e9dez ici \u00e0 des informations, liens et documents utiles, ainsi qu\u2019\u00e0 votre portail des locataires.","robots":{"index":"index","follow":"follow","max-snippet":"max-snippet:-1","max-image-preview":"max-image-preview:large","max-video-preview":"max-video-preview:-1"},"canonical":"https:\/\/cutcorp.ca\/fr\/locataires\/","og_locale":"fr_FR","og_type":"article","og_title":"Locataires | CutCorp","og_description":"Si vous \u00eates actuellement locataire de CutCorp, acc\u00e9dez ici \u00e0 des informations, liens et documents utiles, ainsi qu\u2019\u00e0 votre portail des locataires.","og_url":"https:\/\/cutcorp.ca\/fr\/locataires\/","og_site_name":"CutCorp","article_modified_time":"2021-01-20T06:33:34+00:00","twitter_card":"summary_large_image","schema":{"@context":"https:\/\/schema.org","@graph":[{"@type":"WebPage","@id":"https:\/\/cutcorp.ca\/fr\/locataires\/","url":"https:\/\/cutcorp.ca\/fr\/locataires\/","name":"Locataires | CutCorp","isPartOf":{"@id":"http:\/\/cutcorp.ca\/#website"},"datePublished":"2018-12-27T06:51:50+00:00","dateModified":"2021-01-20T06:33:34+00:00","description":"Si vous \u00eates actuellement locataire de CutCorp, acc\u00e9dez ici \u00e0 des informations, liens et documents utiles, ainsi qu\u2019\u00e0 votre portail des locataires.","breadcrumb":{"@id":"https:\/\/cutcorp.ca\/fr\/locataires\/#breadcrumb"},"inLanguage":"fr-FR","potentialAction":[{"@type":"ReadAction","target":["https:\/\/cutcorp.ca\/fr\/locataires\/"]}]},{"@type":"BreadcrumbList","@id":"https:\/\/cutcorp.ca\/fr\/locataires\/#breadcrumb","itemListElement":[{"@type":"ListItem","position":1,"name":"Home","item":"https:\/\/cutcorp.ca\/fr\/"},{"@type":"ListItem","position":2,"name":"Locataires"}]},{"@type":"WebSite","@id":"http:\/\/cutcorp.ca\/#website","url":"http:\/\/cutcorp.ca\/","name":"CutCorp","description":"Boutique Apartment Rentals","publisher":{"@id":"http:\/\/cutcorp.ca\/#organization"},"potentialAction":[{"@type":"SearchAction","target":{"@type":"EntryPoint","urlTemplate":"http:\/\/cutcorp.ca\/?s={search_term_string}"},"query-input":"required name=search_term_string"}],"inLanguage":"fr-FR"},{"@type":"Organization","@id":"http:\/\/cutcorp.ca\/#organization","name":"CutCorp","url":"http:\/\/cutcorp.ca\/","logo":{"@type":"ImageObject","inLanguage":"fr-FR","@id":"http:\/\/cutcorp.ca\/#\/schema\/logo\/image\/","url":"https:\/\/cutcorp.ca\/wp-content\/uploads\/2019\/06\/CUTCORP_logoblue_1000x250-copy.png","contentUrl":"https:\/\/cutcorp.ca\/wp-content\/uploads\/2019\/06\/CUTCORP_logoblue_1000x250-copy.png","width":917,"height":250,"caption":"CutCorp"},"image":{"@id":"http:\/\/cutcorp.ca\/#\/schema\/logo\/image\/"}}]}},"_links":{"self":[{"href":"https:\/\/cutcorp.ca\/fr\/wp-json\/wp\/v2\/pages\/229","targetHints":{"allow":["GET"]}}],"collection":[{"href":"https:\/\/cutcorp.ca\/fr\/wp-json\/wp\/v2\/pages"}],"about":[{"href":"https:\/\/cutcorp.ca\/fr\/wp-json\/wp\/v2\/types\/page"}],"author":[{"embeddable":true,"href":"https:\/\/cutcorp.ca\/fr\/wp-json\/wp\/v2\/users\/1"}],"replies":[{"embeddable":true,"href":"https:\/\/cutcorp.ca\/fr\/wp-json\/wp\/v2\/comments?post=229"}],"version-history":[{"count":0,"href":"https:\/\/cutcorp.ca\/fr\/wp-json\/wp\/v2\/pages\/229\/revisions"}],"wp:attachment":[{"href":"https:\/\/cutcorp.ca\/fr\/wp-json\/wp\/v2\/media?parent=229"}],"curies":[{"name":"wp","href":"https:\/\/api.w.org\/{rel}","templated":true}]}}